{"id":866,"date":"2022-02-24T14:15:44","date_gmt":"2022-02-24T13:15:44","guid":{"rendered":"https:\/\/lespalettesorganiques.com\/?post_type=product&#038;p=866"},"modified":"2022-02-24T15:48:01","modified_gmt":"2022-02-24T14:48:01","slug":"kit-palette-monolithe","status":"publish","type":"product","link":"https:\/\/lespalettesorganiques.com\/en\/product\/kit-palette-monolithe\/","title":{"rendered":"Kit Palette Monolithe"},"content":{"rendered":"<p align=\"justify\">Gr\u00e2ce \u00e0 votre kit Monolithe 2 en 1 compos\u00e9 d&#8217;une palette de vision + une palette de r\u00e9alisation regroup\u00e9 sur la m\u00eame planche. Vous pourrez l&#8217;int\u00e9gr\u00e9 dans votre logiciel et application de dessin pr\u00e9f\u00e9r\u00e9 et r\u00e9aliser des dessins \u00e0 l\u2019infini.<\/p>\n","protected":false},"excerpt":{"rendered":"<p align=\"justify\">Le kit monolithe est une palette double*. Il se concentre comme une loupe,\u00a0 sur un endroit s\u00e9lectionn\u00e9 de la palette d\u2019origine pour faciliter l\u2019apprentissage et la concentration. Il convient parfaitement au d\u00e9butant.<\/p>\n<p align=\"justify\">*La Palette Double regroupe sur une m\u00eame planche une Palette de Vision et une Palette de R\u00e9alisation.\u00a0 Elles sont \u00e0 elles-seules un kit de travail.<\/p>\n<p><span data-text-color=\"primary\"><strong>Le kit Monolithe regroupe sur la m\u00eame planche:<br \/>\n<\/strong><\/span><\/p>\n<p style=\"color: purple;\" align=\"justify\"><strong>Une Palette de vision qui est la planche de base\u00a0 <\/strong>c&#8217;est l&#8217;image de base pour dessiner et <strong>Une Palette de r\u00e9alisation\u00a0<\/strong> c&#8217;est la palette de couleurs tir\u00e9e de la palette de vision, elle vous aident \u00e0 d\u00e9velopper la vision des mondes invisibles \u00e0 travers le dessin.<\/p>\n<p align=\"justify\">&#8211; Vous pouvez acheter s\u00e9par\u00e9ment uniquement une palette de vision ou uniquement une palette de r\u00e9alisation ou le kit (les deux).<\/p>\n<p align=\"justify\">&#8211; Vous pouvez compl\u00e9ter votre achat avec le fascicule qui vous montre comment l\u2019utilisation des Palettes Organiques provoque le d\u00e9veloppement du troisi\u00e8me cerveau (glande pin\u00e9ale). Ce cerveau permet la vision juste des mondes invisibles.<\/p>\n<p align=\"justify\">&#8211; La vid\u00e9o tutoriel dessiner pas \u00e0 pas vous explique comment importer votre palette dans votre application de dessin et dessiner pas \u00e0 pas.<\/p>\n","protected":false},"featured_media":879,"comment_status":"open","ping_status":"closed","template":"","meta":[],"product_cat":[70],"product_tag":[],"class_list":["post-866","product","type-product","status-publish","has-post-thumbnail","hentry","product_cat-les-kits","tm-has-options"],"_links":{"self":[{"href":"https:\/\/lespalettesorganiques.com\/en\/wp-json\/wp\/v2\/product\/866"}],"collection":[{"href":"https:\/\/lespalettesorganiques.com\/en\/wp-json\/wp\/v2\/product"}],"about":[{"href":"https:\/\/lespalettesorganiques.com\/en\/wp-json\/wp\/v2\/types\/product"}],"replies":[{"embeddable":true,"href":"https:\/\/lespalettesorganiques.com\/en\/wp-json\/wp\/v2\/comments?post=866"}],"wp:featuredmedia":[{"embeddable":true,"href":"https:\/\/lespalettesorganiques.com\/en\/wp-json\/wp\/v2\/media\/879"}],"wp:attachment":[{"href":"https:\/\/lespalettesorganiques.com\/en\/wp-json\/wp\/v2\/media?parent=866"}],"wp:term":[{"taxonomy":"product_cat","embeddable":true,"href":"https:\/\/lespalettesorganiques.com\/en\/wp-json\/wp\/v2\/product_cat?post=866"},{"taxonomy":"product_tag","embeddable":true,"href":"https:\/\/lespalettesorganiques.com\/en\/wp-json\/wp\/v2\/product_tag?post=866"}],"curies":[{"name":"wp","href":"https:\/\/api.w.org\/{rel}","templated":true}]}}