{"id":851,"date":"2022-02-24T13:22:02","date_gmt":"2022-02-24T12:22:02","guid":{"rendered":"https:\/\/lespalettesorganiques.com\/?post_type=product&#038;p=851"},"modified":"2022-02-24T13:25:52","modified_gmt":"2022-02-24T12:25:52","slug":"palette-organique-papyrus","status":"publish","type":"product","link":"https:\/\/lespalettesorganiques.com\/en\/product\/palette-organique-papyrus\/","title":{"rendered":"Palette Organique Papyrus"},"content":{"rendered":"<p><iframe loading=\"lazy\" title=\"Palette Organique Souleyes Colors\" width=\"1020\" height=\"574\" src=\"https:\/\/www.youtube.com\/embed\/N_GXbLQdQR0?feature=oembed\" frameborder=\"0\" allow=\"accelerometer; autoplay; clipboard-write; encrypted-media; gyroscope; picture-in-picture\" allowfullscreen><\/iframe><\/p>\n<p>&nbsp;<\/p>\n","protected":false},"excerpt":{"rendered":"<p align=\"justify\">La Palette Organique Papyrus est l\u2019outil id\u00e9al pour d\u00e9velopper votre imagination et \u00e9crire des histoires extraordinaires gr\u00e2ce aux d\u00e9cors et aux \u00eatres qui se r\u00e9v\u00e8lent avec pr\u00e9cision \u00e0 vos yeux. Cette palette convient aux d\u00e9butants..<\/p>\n<p style=\"color: purple;\"><strong>Comment cela fonctionne?<\/strong><\/p>\n<p align=\"justify\">1- Apr\u00e8s la commande de votre palette, vous recevrez environ 48 \u00e0 72h votre palette par mail par Wetransfer.<\/p>\n<p align=\"justify\">2- Ensuite vous t\u00e9l\u00e9chargez votre palette et pouvez l&#8217;int\u00e9grer dans votre application de dessin.<\/p>\n<p align=\"justify\">Pour vous aider des vid\u00e9os et fascicules sont propos\u00e9s \u00e0 l&#8217;achat.<\/p>\n<p style=\"color: purple;\" align=\"justify\">&#8211; Les vid\u00e9os Tutoriels en compl\u00e9ment \u00e0 l&#8217;achat : Exemple comment importer votre palette dans votre application de dessin et dessiner pas \u00e0 pas. <a href=\"https:\/\/lespalettesorganiques.com\/product\/tutoriel-video-dessiner-pas-a-pas\/\"><strong>Lien Vid\u00e9o Tutoriel<\/strong><\/a><\/p>\n<p style=\"color: purple;\" align=\"justify\">&#8211; Le fascicule SoulEyes Colors vous montre comment l&#8217;utilisation des Palettes Organiques provoque le d\u00e9veloppement du troisi\u00e8me cerveau (glande pin\u00e9ale). Ce cerveau permet la vision juste des mondes invisibles. <a href=\"https:\/\/lespalettesorganiques.com\/product\/fascicule-souleyes-colors\/\"><strong>Lien Fascicule<\/strong><\/a><\/p>\n","protected":false},"featured_media":754,"comment_status":"open","ping_status":"closed","template":"","meta":[],"product_cat":[71],"product_tag":[],"class_list":["post-851","product","type-product","status-publish","has-post-thumbnail","hentry","product_cat-palettes","tm-no-options"],"_links":{"self":[{"href":"https:\/\/lespalettesorganiques.com\/en\/wp-json\/wp\/v2\/product\/851"}],"collection":[{"href":"https:\/\/lespalettesorganiques.com\/en\/wp-json\/wp\/v2\/product"}],"about":[{"href":"https:\/\/lespalettesorganiques.com\/en\/wp-json\/wp\/v2\/types\/product"}],"replies":[{"embeddable":true,"href":"https:\/\/lespalettesorganiques.com\/en\/wp-json\/wp\/v2\/comments?post=851"}],"wp:featuredmedia":[{"embeddable":true,"href":"https:\/\/lespalettesorganiques.com\/en\/wp-json\/wp\/v2\/media\/754"}],"wp:attachment":[{"href":"https:\/\/lespalettesorganiques.com\/en\/wp-json\/wp\/v2\/media?parent=851"}],"wp:term":[{"taxonomy":"product_cat","embeddable":true,"href":"https:\/\/lespalettesorganiques.com\/en\/wp-json\/wp\/v2\/product_cat?post=851"},{"taxonomy":"product_tag","embeddable":true,"href":"https:\/\/lespalettesorganiques.com\/en\/wp-json\/wp\/v2\/product_tag?post=851"}],"curies":[{"name":"wp","href":"https:\/\/api.w.org\/{rel}","templated":true}]}}