{"id":844,"date":"2022-02-24T12:51:34","date_gmt":"2022-02-24T11:51:34","guid":{"rendered":"https:\/\/lespalettesorganiques.com\/?post_type=product&#038;p=844"},"modified":"2024-07-11T13:39:29","modified_gmt":"2024-07-11T11:39:29","slug":"palette-des-anges","status":"publish","type":"product","link":"https:\/\/lespalettesorganiques.com\/en\/product\/palette-des-anges\/","title":{"rendered":"Palette Des Anges"},"content":{"rendered":"<p><iframe loading=\"lazy\" title=\"Palette Organique Souleyes Colors\" width=\"1020\" height=\"574\" src=\"https:\/\/www.youtube.com\/embed\/N_GXbLQdQR0?feature=oembed\" frameborder=\"0\" allow=\"accelerometer; autoplay; clipboard-write; encrypted-media; gyroscope; picture-in-picture\" allowfullscreen><\/iframe><\/p>\n<p>&nbsp;<\/p>\n","protected":false},"excerpt":{"rendered":"<p align=\"justify\">La Palette des Anges est r\u00e9alis\u00e9e \u00e0 partir des Fleurs de Vies du <a href=\"https:\/\/lartdimue.com\/produit\/jeu-utakimu-luxe-etoilee\/\"><strong>jeu IUTA-KIUM\u00c9<\/strong><\/a>, le jeu d&#8217;Esprit et de la Vision cr\u00e9\u00e9 par Neter Osiir\u00ea.<\/p>\n<p style=\"color: purple;\"><strong>Comment cela fonctionne?<\/strong><\/p>\n<p align=\"justify\">1- Apr\u00e8s la commande de votre palette, vous recevrez environ 48 \u00e0 72h votre palette par mail par Wetransfer.<\/p>\n<p align=\"justify\">2- Ensuite vous t\u00e9l\u00e9chargez votre palette et pouvez l&#8217;int\u00e9grer dans votre application de dessin.<\/p>\n<p align=\"justify\">Pour vous aider des vid\u00e9os et fascicules sont propos\u00e9s \u00e0 l&#8217;achat.<\/p>\n<p style=\"color: purple;\" align=\"justify\">&#8211; Les vid\u00e9os Tutoriels en compl\u00e9ment \u00e0 l&#8217;achat : Exemple comment importer votre palette dans votre application de dessin et dessiner pas \u00e0 pas. <a href=\"https:\/\/lespalettesorganiques.com\/product\/tutoriel-video-dessiner-pas-a-pas\/\"><strong>Lien Vid\u00e9o Tutoriel<\/strong><\/a><\/p>\n<p style=\"color: purple;\" align=\"justify\">&#8211; Le fascicule SoulEyes Colors vous montre comment l&#8217;utilisation des Palettes Organiques provoque le d\u00e9veloppement du troisi\u00e8me cerveau (glande pin\u00e9ale). Ce cerveau permet la vision juste des mondes invisibles. <a href=\"https:\/\/lespalettesorganiques.com\/product\/fascicule-souleyes-colors\/\"><strong>Lien Fascicule<\/strong><\/a><\/p>\n","protected":false},"featured_media":626,"comment_status":"open","ping_status":"closed","template":"","meta":[],"product_cat":[71],"product_tag":[],"class_list":["post-844","product","type-product","status-publish","has-post-thumbnail","hentry","product_cat-palettes","tm-no-options"],"_links":{"self":[{"href":"https:\/\/lespalettesorganiques.com\/en\/wp-json\/wp\/v2\/product\/844"}],"collection":[{"href":"https:\/\/lespalettesorganiques.com\/en\/wp-json\/wp\/v2\/product"}],"about":[{"href":"https:\/\/lespalettesorganiques.com\/en\/wp-json\/wp\/v2\/types\/product"}],"replies":[{"embeddable":true,"href":"https:\/\/lespalettesorganiques.com\/en\/wp-json\/wp\/v2\/comments?post=844"}],"wp:featuredmedia":[{"embeddable":true,"href":"https:\/\/lespalettesorganiques.com\/en\/wp-json\/wp\/v2\/media\/626"}],"wp:attachment":[{"href":"https:\/\/lespalettesorganiques.com\/en\/wp-json\/wp\/v2\/media?parent=844"}],"wp:term":[{"taxonomy":"product_cat","embeddable":true,"href":"https:\/\/lespalettesorganiques.com\/en\/wp-json\/wp\/v2\/product_cat?post=844"},{"taxonomy":"product_tag","embeddable":true,"href":"https:\/\/lespalettesorganiques.com\/en\/wp-json\/wp\/v2\/product_tag?post=844"}],"curies":[{"name":"wp","href":"https:\/\/api.w.org\/{rel}","templated":true}]}}