{"id":800,"date":"2022-02-09T17:53:30","date_gmt":"2022-02-09T16:53:30","guid":{"rendered":"https:\/\/lespalettesorganiques.com\/?post_type=product&#038;p=800"},"modified":"2022-02-09T18:32:26","modified_gmt":"2022-02-09T17:32:26","slug":"la-lecture-quantique-de-laura","status":"publish","type":"product","link":"https:\/\/lespalettesorganiques.com\/en\/product\/la-lecture-quantique-de-laura\/","title":{"rendered":"La Lecture Quantique de l\u2019Aura"},"content":{"rendered":"<p>&nbsp;<\/p>\n<p><strong>La Vid\u00e9o de pr\u00e9sentation et d&#8217;explication sur La Lecture Quantique De L&#8217;Aura.<\/strong><\/p>\n<p><a href=\"https:\/\/www.instagram.com\/p\/CZIEtnipfqq\/\" target=\"_blank\" rel=\"noopener\">https:\/\/www.instagram.com\/p\/CZIEtnipfqq\/<\/a><\/p>\n","protected":false},"excerpt":{"rendered":"<p style=\"text-align: justify;\">La Lecture Quantique de votre aura est une lecture de votre pouce. Elle se pr\u00e9sente sous forme de Palette Organique. La Lecture Quantique de votre aura vous d\u00e9voile l\u2019impact que votre environnement a directement sur vous. Vous aurez alors la possibilit\u00e9 de prendre les dispositions ad\u00e9quates.<\/p>\n<p style=\"text-align: justify;\"><strong>&#8211; Apr\u00e8s avoir film\u00e9 votre pouce pendant 3 min, vous d\u00e9ciderez \u00e0 quel instant pr\u00e9cis de cette vid\u00e9o votre lecture doit avoir lieu..<\/strong><\/p>\n<p style=\"text-align: justify;\"><strong>&#8211; Vous b\u00e9n\u00e9ficierez \u00e9galement, si vous le souhaitez, d\u2019une s\u00e9ance de coaching individuel de 30 minutes pour vous aider \u00e0 mieux comprendre les informations de lecture. <a href=\"https:\/\/lespalettesorganiques.com\/product\/coaching-palette-organique-souleyes-colors\/\">Pour r\u00e9server votre s\u00e9ance de coaching rendez-vous sur ce lien<\/a><br \/>\n<\/strong><\/p>\n","protected":false},"featured_media":763,"comment_status":"open","ping_status":"closed","template":"","meta":[],"product_cat":[77],"product_tag":[],"class_list":["post-800","product","type-product","status-publish","has-post-thumbnail","hentry","product_cat-la-lecture-quantique-de-laura","tm-has-options"],"_links":{"self":[{"href":"https:\/\/lespalettesorganiques.com\/en\/wp-json\/wp\/v2\/product\/800"}],"collection":[{"href":"https:\/\/lespalettesorganiques.com\/en\/wp-json\/wp\/v2\/product"}],"about":[{"href":"https:\/\/lespalettesorganiques.com\/en\/wp-json\/wp\/v2\/types\/product"}],"replies":[{"embeddable":true,"href":"https:\/\/lespalettesorganiques.com\/en\/wp-json\/wp\/v2\/comments?post=800"}],"wp:featuredmedia":[{"embeddable":true,"href":"https:\/\/lespalettesorganiques.com\/en\/wp-json\/wp\/v2\/media\/763"}],"wp:attachment":[{"href":"https:\/\/lespalettesorganiques.com\/en\/wp-json\/wp\/v2\/media?parent=800"}],"wp:term":[{"taxonomy":"product_cat","embeddable":true,"href":"https:\/\/lespalettesorganiques.com\/en\/wp-json\/wp\/v2\/product_cat?post=800"},{"taxonomy":"product_tag","embeddable":true,"href":"https:\/\/lespalettesorganiques.com\/en\/wp-json\/wp\/v2\/product_tag?post=800"}],"curies":[{"name":"wp","href":"https:\/\/api.w.org\/{rel}","templated":true}]}}