{"id":775,"date":"2022-02-09T16:18:09","date_gmt":"2022-02-09T15:18:09","guid":{"rendered":"https:\/\/lespalettesorganiques.com\/?post_type=product&#038;p=775"},"modified":"2024-07-09T02:07:56","modified_gmt":"2024-07-09T00:07:56","slug":"le-livre-de-la-vie-et-de-la-lecture-akashique","status":"publish","type":"product","link":"https:\/\/lespalettesorganiques.com\/en\/product\/le-livre-de-la-vie-et-de-la-lecture-akashique\/","title":{"rendered":"Le Livre de la Vie et de la Lecture Akashique"},"content":{"rendered":"<p>&nbsp;<\/p>\n<p><strong>La Vid\u00e9o de pr\u00e9sentation et d&#8217;explication sur Le Livre De La Vie et De La Lecture Akashique.<\/strong><\/p>\n<p><a href=\"https:\/\/www.instagram.com\/p\/CZIEtnipfqq\/\" target=\"_blank\" rel=\"noopener\">https:\/\/www.instagram.com\/p\/CZIEtnipfqq\/<\/a><\/p>\n","protected":false},"excerpt":{"rendered":"<p style=\"text-align: justify;\">Votre Livre de la Vie regroupe vos m\u00e9moires en images qu\u2019il vous faudra r\u00e9v\u00e9ler par le dessin. Vous pourrez alors r\u00e9diger vos m\u00e9moires et laisser votre empreinte dans l\u2019univers.<\/p>\n<p style=\"text-align: justify;\"><strong>&#8211; A partir d\u2019une vid\u00e9o de votre pouce,<\/strong> l\u2019artiste Designer Neter Osiir\u00ea extrait les images de votre monde int\u00e9rieur aux instants que vous aurez demand\u00e9s.<\/p>\n<p style=\"text-align: justify;\"><strong>&#8211; Votre Livre de la Vie se pr\u00e9sente sous forme de feuillets num\u00e9riques <\/strong>(5 minimums) \u00e0 collectionner.<br \/>\nIl vous est recommand\u00e9 d\u2019en regrouper au moins 30.<\/p>\n<p style=\"text-align: justify;\"><strong>&#8211; En pratique :<\/strong> Vous filmez pendant 3 min votre pouce (celui que vous pr\u00e9f\u00e9rez). Vous passez votre commande. Une fois que vous recevez vos feuillets en num\u00e9rique, vous allez d\u2019abord dessiner et \u00e9crire ce que vous avez vu dans un carnet \u00e0 part, feuillet apr\u00e8s feuillet. Il est important de garder l\u2019ordre des feuillets et ne pas en commencer un nouveau tant que vous n\u2019avez pas termin\u00e9 avec le feuillet pr\u00e9c\u00e9dent.<\/p>\n<p><em><strong>Premi\u00e8re commande 5 Feuillets au minimum de base, ensuite vous avez la possibilit\u00e9 d&#8217;acheter des feuillets suppl\u00e9mentaires si vous avez d\u00e9j\u00e0 pris les 5 feuillets de base.<\/strong><\/em><\/p>\n","protected":false},"featured_media":762,"comment_status":"open","ping_status":"closed","template":"","meta":[],"product_cat":[87],"product_tag":[],"class_list":["post-775","product","type-product","status-publish","has-post-thumbnail","hentry","product_cat-the-book-of-life-and-akashic-reading","tm-has-options"],"_links":{"self":[{"href":"https:\/\/lespalettesorganiques.com\/en\/wp-json\/wp\/v2\/product\/775"}],"collection":[{"href":"https:\/\/lespalettesorganiques.com\/en\/wp-json\/wp\/v2\/product"}],"about":[{"href":"https:\/\/lespalettesorganiques.com\/en\/wp-json\/wp\/v2\/types\/product"}],"replies":[{"embeddable":true,"href":"https:\/\/lespalettesorganiques.com\/en\/wp-json\/wp\/v2\/comments?post=775"}],"wp:featuredmedia":[{"embeddable":true,"href":"https:\/\/lespalettesorganiques.com\/en\/wp-json\/wp\/v2\/media\/762"}],"wp:attachment":[{"href":"https:\/\/lespalettesorganiques.com\/en\/wp-json\/wp\/v2\/media?parent=775"}],"wp:term":[{"taxonomy":"product_cat","embeddable":true,"href":"https:\/\/lespalettesorganiques.com\/en\/wp-json\/wp\/v2\/product_cat?post=775"},{"taxonomy":"product_tag","embeddable":true,"href":"https:\/\/lespalettesorganiques.com\/en\/wp-json\/wp\/v2\/product_tag?post=775"}],"curies":[{"name":"wp","href":"https:\/\/api.w.org\/{rel}","templated":true}]}}