{"id":751,"date":"2022-02-08T18:18:11","date_gmt":"2022-02-08T17:18:11","guid":{"rendered":"https:\/\/lespalettesorganiques.com\/?post_type=product&#038;p=751"},"modified":"2022-02-08T18:25:25","modified_gmt":"2022-02-08T17:25:25","slug":"tutoriel-video-influencer-comment-tourner-votre-video","status":"publish","type":"product","link":"https:\/\/lespalettesorganiques.com\/en\/product\/tutoriel-video-influencer-comment-tourner-votre-video\/","title":{"rendered":"Tutoriel Vid\u00e9o \u2013 Influencer comment tourner votre vide\u0301o?"},"content":{"rendered":"","protected":false},"excerpt":{"rendered":"<p align=\"justify\"><strong>Influencers Souleyes Colors<\/strong>, apprenez l\u2019art de pr\u00e9senter les choses afin de r\u00e9aliser des vid\u00e9os attrayantes, qualitatives et professionnelles.<\/p>\n","protected":false},"featured_media":752,"comment_status":"open","ping_status":"closed","template":"","meta":[],"product_cat":[74,72],"product_tag":[],"class_list":["post-751","product","type-product","status-publish","has-post-thumbnail","hentry","product_cat-enseignements","product_cat-tutoriels-videos","tm-no-options"],"_links":{"self":[{"href":"https:\/\/lespalettesorganiques.com\/en\/wp-json\/wp\/v2\/product\/751"}],"collection":[{"href":"https:\/\/lespalettesorganiques.com\/en\/wp-json\/wp\/v2\/product"}],"about":[{"href":"https:\/\/lespalettesorganiques.com\/en\/wp-json\/wp\/v2\/types\/product"}],"replies":[{"embeddable":true,"href":"https:\/\/lespalettesorganiques.com\/en\/wp-json\/wp\/v2\/comments?post=751"}],"wp:featuredmedia":[{"embeddable":true,"href":"https:\/\/lespalettesorganiques.com\/en\/wp-json\/wp\/v2\/media\/752"}],"wp:attachment":[{"href":"https:\/\/lespalettesorganiques.com\/en\/wp-json\/wp\/v2\/media?parent=751"}],"wp:term":[{"taxonomy":"product_cat","embeddable":true,"href":"https:\/\/lespalettesorganiques.com\/en\/wp-json\/wp\/v2\/product_cat?post=751"},{"taxonomy":"product_tag","embeddable":true,"href":"https:\/\/lespalettesorganiques.com\/en\/wp-json\/wp\/v2\/product_tag?post=751"}],"curies":[{"name":"wp","href":"https:\/\/api.w.org\/{rel}","templated":true}]}}