{"id":747,"date":"2022-02-07T16:10:35","date_gmt":"2022-02-07T15:10:35","guid":{"rendered":"https:\/\/lespalettesorganiques.com\/?post_type=product&#038;p=747"},"modified":"2025-10-17T17:48:59","modified_gmt":"2025-10-17T15:48:59","slug":"coaching-palette-organique-souleyes-colors","status":"publish","type":"product","link":"https:\/\/lespalettesorganiques.com\/en\/product\/coaching-palette-organique-souleyes-colors\/","title":{"rendered":"Coaching &#8211; Palette Organique SoulEyes Colors"},"content":{"rendered":"<p>&nbsp;<\/p>\n<p><strong>La vid\u00e9o Instagram :<br \/>\n<\/strong><\/p>\n<p><strong>Pr\u00e9sentation de la Palette Organique SoulEyes Colors.<\/strong><\/p>\n<p><a href=\"https:\/\/www.instagram.com\/p\/CYwtFkTprc1\/\">https:\/\/www.instagram.com\/p\/CYwtFkTprc1\/<\/a><\/p>\n<p>&nbsp;<\/p>\n","protected":false},"excerpt":{"rendered":"<p style=\"color: purple;\" align=\"justify\"><strong>Offrez-vous un coaching individuel d\u2019analyse et d&#8217;aide \u00e0 la vision.<\/strong><\/p>\n<p style=\"color: purple;\" align=\"justify\"><strong> Un coaching avec Neter Osiir\u00ea bas\u00e9 sur votre Palette Organique SoulEyes Colors.<br \/>\n<\/strong><\/p>\n<p align=\"justify\">C&#8217;est un coaching d&#8217;aide \u00e0 votre \u00e9volution, \u00e0 votre vision int\u00e9rieure, un diagnostique de vos longueurs d&#8217;ondes, une analyse sur les couleurs de votre Palette Organique SoulEyes Colors, la Palette Organique tir\u00e9e \u00e0 partir de vos yeux.<\/p>\n<p align=\"justify\"><strong>&#8211; Un coaching de 30min avec Neter Osiir\u00ea en priv\u00e9e en ligne.<\/strong><\/p>\n<p align=\"justify\"><strong>&#8211; Apr\u00e8s la r\u00e9ception de votre commande nous vous enverrons un mail afin de vous proposer une date et heure pour votre coaching.<\/strong><\/p>\n<p align=\"justify\">Pour commander votre Palette Organique SoulEyes Colors<a href=\"https:\/\/lespalettesorganiques.com\/product\/palette-organique-souleyes-colors\/\"><strong> rendez-vous sur ce lien. <\/strong><\/a><\/p>\n<p align=\"justify\">Pour la palette SoulEyes Colors<strong><a href=\"https:\/\/lespalettesorganiques.com\/product\/kit-de-vision-souleyes-colors\/\"> en Kit rendez-vous ici<\/a><\/strong><\/p>\n<p>&nbsp;<\/p>\n","protected":false},"featured_media":748,"comment_status":"open","ping_status":"closed","template":"","meta":[],"product_cat":[75,74],"product_tag":[],"class_list":["post-747","product","type-product","status-publish","has-post-thumbnail","hentry","product_cat-coaching","product_cat-enseignements","tm-no-options"],"_links":{"self":[{"href":"https:\/\/lespalettesorganiques.com\/en\/wp-json\/wp\/v2\/product\/747"}],"collection":[{"href":"https:\/\/lespalettesorganiques.com\/en\/wp-json\/wp\/v2\/product"}],"about":[{"href":"https:\/\/lespalettesorganiques.com\/en\/wp-json\/wp\/v2\/types\/product"}],"replies":[{"embeddable":true,"href":"https:\/\/lespalettesorganiques.com\/en\/wp-json\/wp\/v2\/comments?post=747"}],"wp:featuredmedia":[{"embeddable":true,"href":"https:\/\/lespalettesorganiques.com\/en\/wp-json\/wp\/v2\/media\/748"}],"wp:attachment":[{"href":"https:\/\/lespalettesorganiques.com\/en\/wp-json\/wp\/v2\/media?parent=747"}],"wp:term":[{"taxonomy":"product_cat","embeddable":true,"href":"https:\/\/lespalettesorganiques.com\/en\/wp-json\/wp\/v2\/product_cat?post=747"},{"taxonomy":"product_tag","embeddable":true,"href":"https:\/\/lespalettesorganiques.com\/en\/wp-json\/wp\/v2\/product_tag?post=747"}],"curies":[{"name":"wp","href":"https:\/\/api.w.org\/{rel}","templated":true}]}}