{"id":743,"date":"2022-02-07T14:59:48","date_gmt":"2022-02-07T13:59:48","guid":{"rendered":"https:\/\/lespalettesorganiques.com\/?post_type=product&#038;p=743"},"modified":"2026-03-04T21:57:45","modified_gmt":"2026-03-04T20:57:45","slug":"coaching-de-groupe","status":"publish","type":"product","link":"https:\/\/lespalettesorganiques.com\/en\/product\/coaching-de-groupe\/","title":{"rendered":"Coaching de groupe &#8211; Palette Sun Eyes de V\u00e9rit\u00e9"},"content":{"rendered":"<p>&nbsp;<\/p>\n<p><strong>Les vid\u00e9os Instagram :<br \/>\n<\/strong><\/p>\n<p><strong>Pr\u00e9sentation de la Palette Organique Sun Eyes de V\u00e9rit\u00e9.<\/strong><\/p>\n<p><strong>Partie 1:<\/strong><\/p>\n<p><a href=\"https:\/\/www.instagram.com\/p\/CZkG17iKo70\/\">https:\/\/www.instagram.com\/p\/CZkG17iKo70\/<\/a><\/p>\n<p><strong>Partie2:<\/strong><\/p>\n<p><a href=\"https:\/\/www.instagram.com\/p\/CZkPquFqAE_\">https:\/\/www.instagram.com\/p\/CZkPquFqAE_<\/a><\/p>\n","protected":false},"excerpt":{"rendered":"<p style=\"color: purple;\" align=\"justify\"><strong>Offrez-vous un coaching d\u2019analyse et d&#8217;aide \u00e0 la vision.<\/strong><\/p>\n<p align=\"justify\">C&#8217;est un coaching d&#8217;aide \u00e0 votre \u00e9volution, \u00e0 votre vision int\u00e9rieure, une analyse sur les couleurs de votre Palette Organique\u00a0 Sun Eyes De V\u00e9rit\u00e9.<\/p>\n<p align=\"justify\">Un coaching en ligne de 30min avec Neter Osiir\u00ea est propos\u00e9 par groupe de 5 personnes chaque mois.<\/p>\n<p align=\"justify\">Ce coaching est bas\u00e9 sur la vision et l&#8217;action, Neter Osiir\u00ea vous donnera une analyse, une interpr\u00e9tation et des conseils pour travailler votre vision \u00e0 partir des couleurs de votre palette organique SUN EYES DE V\u00c9RIT\u00c9.<\/p>\n<p align=\"justify\"><strong>&#8211; R\u00e9servez votre place pour ne pas manquer cette occasion unique de vous conna\u00eetre en profondeur.<\/strong><\/p>\n<p align=\"justify\"><strong>&#8211; Ce coaching se d\u00e9roulera par groupe de 5 personnes pendant 30 min.<\/strong><\/p>\n<p align=\"justify\"><strong>&#8211; Tant que le nombre de 5 personnes n&#8217;est pas atteint vous serez sur la liste d&#8217;attente.<\/strong><\/p>\n<p align=\"justify\"><strong>&#8211; Une fois que le groupe de 5 personnes est atteint, vous aurez un mail vous proposant la date et l&#8217;heure du coaching.<\/strong><\/p>\n<p>&nbsp;<\/p>\n","protected":false},"featured_media":745,"comment_status":"open","ping_status":"closed","template":"","meta":[],"product_cat":[75,74],"product_tag":[],"class_list":["post-743","product","type-product","status-publish","has-post-thumbnail","hentry","product_cat-coaching","product_cat-enseignements","tm-no-options"],"_links":{"self":[{"href":"https:\/\/lespalettesorganiques.com\/en\/wp-json\/wp\/v2\/product\/743"}],"collection":[{"href":"https:\/\/lespalettesorganiques.com\/en\/wp-json\/wp\/v2\/product"}],"about":[{"href":"https:\/\/lespalettesorganiques.com\/en\/wp-json\/wp\/v2\/types\/product"}],"replies":[{"embeddable":true,"href":"https:\/\/lespalettesorganiques.com\/en\/wp-json\/wp\/v2\/comments?post=743"}],"wp:featuredmedia":[{"embeddable":true,"href":"https:\/\/lespalettesorganiques.com\/en\/wp-json\/wp\/v2\/media\/745"}],"wp:attachment":[{"href":"https:\/\/lespalettesorganiques.com\/en\/wp-json\/wp\/v2\/media?parent=743"}],"wp:term":[{"taxonomy":"product_cat","embeddable":true,"href":"https:\/\/lespalettesorganiques.com\/en\/wp-json\/wp\/v2\/product_cat?post=743"},{"taxonomy":"product_tag","embeddable":true,"href":"https:\/\/lespalettesorganiques.com\/en\/wp-json\/wp\/v2\/product_tag?post=743"}],"curies":[{"name":"wp","href":"https:\/\/api.w.org\/{rel}","templated":true}]}}