{"id":507,"date":"2022-02-04T01:10:14","date_gmt":"2022-02-04T00:10:14","guid":{"rendered":"https:\/\/lespalettesorganiques.com\/?post_type=product&#038;p=507"},"modified":"2025-09-27T03:22:33","modified_gmt":"2025-09-27T01:22:33","slug":"fascicule-souleyes-colors","status":"publish","type":"product","link":"https:\/\/lespalettesorganiques.com\/en\/product\/fascicule-souleyes-colors\/","title":{"rendered":"Fascicule SOULEYES COLORS"},"content":{"rendered":"<p>Ce fascicule montre comment l\u2019utilisation des Palettes Organiques provoque le d\u00e9velopement du troisi\u00e8me cerveau (glande pin\u00e9ale). Ce cerveau permet la vision juste des mondes invisibles.<\/p>\n","protected":false},"excerpt":{"rendered":"<p align=\"justify\">Le premier fascicule SOULEYES COLORS. D\u00e9couvrez le secret de vos yeux. Un enseignement in\u00e9dit sur les Palettes Organiques, leur lien avec les yeux et leurs dimensions cach\u00e9es.<\/p>\n<p>Votre fascicule est disponible soit :<br \/>\n&#8211; En version papier<br \/>\n&#8211; En version num\u00e9rique \u00e0 t\u00e9l\u00e9charger<\/p>\n","protected":false},"featured_media":406,"comment_status":"open","ping_status":"closed","template":"","meta":[],"product_cat":[74,73],"product_tag":[],"class_list":["post-507","product","type-product","status-publish","has-post-thumbnail","hentry","product_cat-enseignements","product_cat-fascicules","tm-no-options"],"_links":{"self":[{"href":"https:\/\/lespalettesorganiques.com\/en\/wp-json\/wp\/v2\/product\/507"}],"collection":[{"href":"https:\/\/lespalettesorganiques.com\/en\/wp-json\/wp\/v2\/product"}],"about":[{"href":"https:\/\/lespalettesorganiques.com\/en\/wp-json\/wp\/v2\/types\/product"}],"replies":[{"embeddable":true,"href":"https:\/\/lespalettesorganiques.com\/en\/wp-json\/wp\/v2\/comments?post=507"}],"wp:featuredmedia":[{"embeddable":true,"href":"https:\/\/lespalettesorganiques.com\/en\/wp-json\/wp\/v2\/media\/406"}],"wp:attachment":[{"href":"https:\/\/lespalettesorganiques.com\/en\/wp-json\/wp\/v2\/media?parent=507"}],"wp:term":[{"taxonomy":"product_cat","embeddable":true,"href":"https:\/\/lespalettesorganiques.com\/en\/wp-json\/wp\/v2\/product_cat?post=507"},{"taxonomy":"product_tag","embeddable":true,"href":"https:\/\/lespalettesorganiques.com\/en\/wp-json\/wp\/v2\/product_tag?post=507"}],"curies":[{"name":"wp","href":"https:\/\/api.w.org\/{rel}","templated":true}]}}