{"id":498,"date":"2022-02-03T20:18:24","date_gmt":"2022-02-03T19:18:24","guid":{"rendered":"https:\/\/lespalettesorganiques.com\/?post_type=product&#038;p=498"},"modified":"2022-03-22T13:48:48","modified_gmt":"2022-03-22T12:48:48","slug":"kit-sun-eyes-shupishu","status":"publish","type":"product","link":"https:\/\/lespalettesorganiques.com\/en\/product\/kit-sun-eyes-shupishu\/","title":{"rendered":"Kit Sun Eyes Shupishu"},"content":{"rendered":"<p align=\"justify\">Gr\u00e2ce \u00e0 votre kit Sun Eyes Shupishu, vous pourrez les int\u00e9grer dans votre logiciel et application de dessin pr\u00e9f\u00e9r\u00e9 ensuite vous pourrez r\u00e9aliser des dessins \u00e0 l&#8217;infini et surtout travailler votre vision et augmenter votre longueur d&#8217;onde<\/p>\n","protected":false},"excerpt":{"rendered":"<p align=\"justify\">Le Kit Sun Eyes Shupishu est tir\u00e9 de l&#8217;\u0153uvre du tableau au pays des Shupishus. ce kit est particuli\u00e8rement indiqu\u00e9 pour l\u2019\u00e9veil des enfants et le d\u00e9veloppement de leur imagination. Un voyage au c\u0153ur de la Magie des f\u00e9es et des mondes enchant\u00e9s.<\/p>\n<p style=\"color: purple;\" align=\"justify\">Il est compos\u00e9 d&#8217;une palette double: c&#8217;est une palette qui regroupe sur une m\u00eame planche une Palette de Vision et une Palette de R\u00e9alisation. Elles sont \u00e0 elles-seules un kit de travail<\/p>\n<p align=\"justify\">&#8211; Vous pouvez compl\u00e9ter votre achat avec le fascicule qui vous montre comment l\u2019utilisation des Palettes Organiques provoque le d\u00e9veloppement du troisi\u00e8me cerveau (glande pin\u00e9ale). Ce cerveau permet la vision juste des mondes invisibles.<\/p>\n<p align=\"justify\">&#8211; La vid\u00e9o tutoriel dessiner pas \u00e0 pas vous explique comment importer votre palette dans votre application de dessin et dessiner pas \u00e0 pas.<\/p>\n","protected":false},"featured_media":550,"comment_status":"open","ping_status":"closed","template":"","meta":[],"product_cat":[70],"product_tag":[],"class_list":["post-498","product","type-product","status-publish","has-post-thumbnail","hentry","product_cat-les-kits","tm-has-options"],"_links":{"self":[{"href":"https:\/\/lespalettesorganiques.com\/en\/wp-json\/wp\/v2\/product\/498"}],"collection":[{"href":"https:\/\/lespalettesorganiques.com\/en\/wp-json\/wp\/v2\/product"}],"about":[{"href":"https:\/\/lespalettesorganiques.com\/en\/wp-json\/wp\/v2\/types\/product"}],"replies":[{"embeddable":true,"href":"https:\/\/lespalettesorganiques.com\/en\/wp-json\/wp\/v2\/comments?post=498"}],"wp:featuredmedia":[{"embeddable":true,"href":"https:\/\/lespalettesorganiques.com\/en\/wp-json\/wp\/v2\/media\/550"}],"wp:attachment":[{"href":"https:\/\/lespalettesorganiques.com\/en\/wp-json\/wp\/v2\/media?parent=498"}],"wp:term":[{"taxonomy":"product_cat","embeddable":true,"href":"https:\/\/lespalettesorganiques.com\/en\/wp-json\/wp\/v2\/product_cat?post=498"},{"taxonomy":"product_tag","embeddable":true,"href":"https:\/\/lespalettesorganiques.com\/en\/wp-json\/wp\/v2\/product_tag?post=498"}],"curies":[{"name":"wp","href":"https:\/\/api.w.org\/{rel}","templated":true}]}}