{"id":491,"date":"2022-02-03T18:43:18","date_gmt":"2022-02-03T17:43:18","guid":{"rendered":"https:\/\/lespalettesorganiques.com\/?post_type=product&#038;p=491"},"modified":"2022-02-15T15:26:25","modified_gmt":"2022-02-15T14:26:25","slug":"kit-de-vision-souleyes-colors","status":"publish","type":"product","link":"https:\/\/lespalettesorganiques.com\/en\/product\/kit-de-vision-souleyes-colors\/","title":{"rendered":"Kit de vision SoulEyes Colors"},"content":{"rendered":"<p align=\"justify\">Gr\u00e2ce \u00e0 votre kit 2 en 1 compos\u00e9 d&#8217;une palette de vision + une palette de r\u00e9alisation, vous pourrez les int\u00e9grer dans votre logiciel et application de dessin pr\u00e9f\u00e9r\u00e9 et r\u00e9aliser des dessins \u00e0 l\u2019infini.<\/p>\n<p><strong>Comment cela fonctionne?<\/strong><\/p>\n<p align=\"justify\">1- Prenez une vid\u00e9o de votre Oeil avec l\u2019iris et la pupille bien visible.<\/p>\n<p align=\"justify\">2- N&#8217;oubliez pas de renommer votre fichier vid\u00e9o avec votre nom, ensuite t\u00e9l\u00e9chargez la vid\u00e9o de votre Oeil ci-dessus et passez votre commande.<\/p>\n<p align=\"justify\">3- Vous recevrez apr\u00e8s 48 \u00e0 72h, votre palette couleur.<\/p>\n<p align=\"justify\">4- Vous pouvez choisir l\u2019option Coaching de 30 min pour recevoir une formation de Neter Osiir\u00ea sur l\u2019utilisation de la palette.<\/p>\n<p align=\"justify\">Vous pouvez commander votre palette sans coaching et revenir ult\u00e9rieurement pour prendre un coaching \u00e0 part si vous l\u2019estimez n\u00e9cessaire.<\/p>\n","protected":false},"excerpt":{"rendered":"<p align=\"justify\"><span data-text-color=\"primary\"><strong>Un kit de vision 2 en 1 compos\u00e9 de:<br \/>\n<\/strong><\/span><\/p>\n<p style=\"color: purple;\" align=\"justify\"><strong>Une Palette de vision:\u00a0<\/strong> c&#8217;est l&#8217;image de base pour dessiner et trouver l&#8217;inspiration, travailler votre vision en donnant forme \u00e0 l&#8217;invisible. Cette image est une toile impr\u00e9gn\u00e9e tir\u00e9e des corps de La Avatara Osiiris. Elle permet d&#8217;apprendre \u00e0 voir et \u00e0 dessiner.<\/p>\n<h3 style=\"text-align: center;\" align=\"justify\"><strong>+<\/strong><\/h3>\n<p style=\"color: purple;\" align=\"justify\"><strong>Une Palette de r\u00e9alisation:<\/strong> c&#8217;est la palette de couleurs tir\u00e9es de vos yeux pour cr\u00e9er vos nuanciers de couleurs pour vos dessins. ( Vous ne devez pas m\u00e9langer cette palette avec d&#8217;autres couleurs qui ne font pas partir de la palette de vos yeux).<\/p>\n<p align=\"justify\"><strong>\u2013 Des Tutoriels Vid\u00e9os en compl\u00e9ment: <\/strong> Plusieurs vid\u00e9os d&#8217;enseignement au choix. Exemple comment filmer vos yeux afin d\u2019obtenir une photo qualitative pour la palette organique Souleyes Colors, aussi une vid\u00e9o tutoriel sur comment importer votre palette dans votre application de dessin et dessiner pas \u00e0 pas.<\/p>\n<p align=\"justify\"><strong>\u2013 Le Fascicule<\/strong> montre comment l\u2019utilisation des Palettes Organiques provoque le d\u00e9veloppement du troisi\u00e8me cerveau (glande pin\u00e9ale). Ce cerveau permet la vision juste des mondes invisibles.<\/p>\n<p align=\"justify color: black;\">\n","protected":false},"featured_media":649,"comment_status":"open","ping_status":"closed","template":"","meta":[],"product_cat":[70],"product_tag":[],"class_list":["post-491","product","type-product","status-publish","has-post-thumbnail","hentry","product_cat-les-kits","tm-has-options"],"_links":{"self":[{"href":"https:\/\/lespalettesorganiques.com\/en\/wp-json\/wp\/v2\/product\/491"}],"collection":[{"href":"https:\/\/lespalettesorganiques.com\/en\/wp-json\/wp\/v2\/product"}],"about":[{"href":"https:\/\/lespalettesorganiques.com\/en\/wp-json\/wp\/v2\/types\/product"}],"replies":[{"embeddable":true,"href":"https:\/\/lespalettesorganiques.com\/en\/wp-json\/wp\/v2\/comments?post=491"}],"wp:featuredmedia":[{"embeddable":true,"href":"https:\/\/lespalettesorganiques.com\/en\/wp-json\/wp\/v2\/media\/649"}],"wp:attachment":[{"href":"https:\/\/lespalettesorganiques.com\/en\/wp-json\/wp\/v2\/media?parent=491"}],"wp:term":[{"taxonomy":"product_cat","embeddable":true,"href":"https:\/\/lespalettesorganiques.com\/en\/wp-json\/wp\/v2\/product_cat?post=491"},{"taxonomy":"product_tag","embeddable":true,"href":"https:\/\/lespalettesorganiques.com\/en\/wp-json\/wp\/v2\/product_tag?post=491"}],"curies":[{"name":"wp","href":"https:\/\/api.w.org\/{rel}","templated":true}]}}