{"id":480,"date":"2022-02-03T16:00:30","date_gmt":"2022-02-03T15:00:30","guid":{"rendered":"https:\/\/lespalettesorganiques.com\/?post_type=product&#038;p=480"},"modified":"2024-07-01T23:35:13","modified_gmt":"2024-07-01T21:35:13","slug":"kit-dapprentissage-debutant","status":"publish","type":"product","link":"https:\/\/lespalettesorganiques.com\/en\/product\/kit-dapprentissage-debutant\/","title":{"rendered":"Kit d&#8217;apprentissage d\u00e9butant"},"content":{"rendered":"<p align=\"justify\">Gr\u00e2ce \u00e0 votre kit de d\u00e9butant 2 en 1 compos\u00e9 d&#8217;une palette de vision + une palette de r\u00e9alisation, vous pourrez les int\u00e9grer dans votre logiciel et application de dessin pr\u00e9f\u00e9r\u00e9 et r\u00e9aliser des dessins \u00e0 l\u2019infini.<\/p>\n","protected":false},"excerpt":{"rendered":"<p>Ce kit est un kit de palettes organiques. Le but de ce kit d\u00e9butant est de s&#8217;entra\u00eener, de d\u00e9velopper la vision interne afin de voir et dessiner les r\u00e9alit\u00e9s invisibles.<\/p>\n<p><span data-text-color=\"primary\"><strong>Le kit d\u00e9butant 2 en 1<\/strong><\/span><\/p>\n<p style=\"color: purple;\" align=\"justify\"><strong>Une Palette de vision la planche de base : <\/strong>c&#8217;est l&#8217;image de base pour dessiner et trouver l&#8217;inspiration, travailler votre vision en donnant forme \u00e0 l&#8217;invisible. Cette image est tir\u00e9e des huiles essentielles, des fleurs ( roses , Lys&#8230;), des objets et tableaux du Domaine. Elle permet d&#8217;apprendre \u00e0 voir et \u00e0 dessiner.<\/p>\n<h3 style=\"text-align: center;\" align=\"justify\"><strong>+<\/strong><\/h3>\n<p style=\"color: purple;\" align=\"justify\"><strong>Une Palette de r\u00e9alisation:<\/strong> c&#8217;est la palette de couleurs tir\u00e9e de la palette de vision, elle vous aident \u00e0 d\u00e9velopper la vision des mondes invisibles \u00e0 travers le dessin.<\/p>\n<p align=\"justify\">&#8211; Vous pouvez acheter s\u00e9par\u00e9ment uniquement une palette de vision ou uniquement une palette de r\u00e9alisation ou le kit (les deux).<\/p>\n<p align=\"justify\">&#8211; Vous pouvez compl\u00e9ter votre achat avec le fascicule qui vous montre comment l\u2019utilisation des Palettes Organiques provoque le d\u00e9veloppement du troisi\u00e8me cerveau (glande pin\u00e9ale). Ce cerveau permet la vision juste des mondes invisibles.<\/p>\n<p align=\"justify\">&#8211; La vid\u00e9o tutoriel dessiner pas \u00e0 pas vous explique comment importer votre palette dans votre application de dessin et dessiner pas \u00e0 pas.<\/p>\n","protected":false},"featured_media":485,"comment_status":"open","ping_status":"closed","template":"","meta":[],"product_cat":[70],"product_tag":[],"class_list":["post-480","product","type-product","status-publish","has-post-thumbnail","hentry","product_cat-les-kits","tm-has-options"],"_links":{"self":[{"href":"https:\/\/lespalettesorganiques.com\/en\/wp-json\/wp\/v2\/product\/480"}],"collection":[{"href":"https:\/\/lespalettesorganiques.com\/en\/wp-json\/wp\/v2\/product"}],"about":[{"href":"https:\/\/lespalettesorganiques.com\/en\/wp-json\/wp\/v2\/types\/product"}],"replies":[{"embeddable":true,"href":"https:\/\/lespalettesorganiques.com\/en\/wp-json\/wp\/v2\/comments?post=480"}],"wp:featuredmedia":[{"embeddable":true,"href":"https:\/\/lespalettesorganiques.com\/en\/wp-json\/wp\/v2\/media\/485"}],"wp:attachment":[{"href":"https:\/\/lespalettesorganiques.com\/en\/wp-json\/wp\/v2\/media?parent=480"}],"wp:term":[{"taxonomy":"product_cat","embeddable":true,"href":"https:\/\/lespalettesorganiques.com\/en\/wp-json\/wp\/v2\/product_cat?post=480"},{"taxonomy":"product_tag","embeddable":true,"href":"https:\/\/lespalettesorganiques.com\/en\/wp-json\/wp\/v2\/product_tag?post=480"}],"curies":[{"name":"wp","href":"https:\/\/api.w.org\/{rel}","templated":true}]}}