{"id":462,"date":"2022-02-03T14:46:39","date_gmt":"2022-02-03T13:46:39","guid":{"rendered":"https:\/\/lespalettesorganiques.com\/?post_type=product&#038;p=462"},"modified":"2022-03-16T12:11:20","modified_gmt":"2022-03-16T11:11:20","slug":"palette-organique-souleyes-colors","status":"publish","type":"product","link":"https:\/\/lespalettesorganiques.com\/en\/product\/palette-organique-souleyes-colors\/","title":{"rendered":"Palette Organique &#8211; SoulEyes Colors"},"content":{"rendered":"<p><iframe loading=\"lazy\" title=\"Palette Organique Souleyes Colors\" width=\"1020\" height=\"574\" src=\"https:\/\/www.youtube.com\/embed\/N_GXbLQdQR0?feature=oembed\" frameborder=\"0\" allow=\"accelerometer; autoplay; clipboard-write; encrypted-media; gyroscope; picture-in-picture\" allowfullscreen><\/iframe><\/p>\n<p>&nbsp;<\/p>\n","protected":false},"excerpt":{"rendered":"<p align=\"justify\">Cette Palette est tir\u00e9e des couleurs invisibles de vos yeux. Elle traduit l\u2019\u00e9tat de votre \u00e2me,\u00a0 montre les couleurs potentielles de votre aura ou encore se focalise sur les chakras qui sont des foyers \u00e9nerg\u00e9tiques qui permettent de maintenir votre corps en bonne sant\u00e9.<\/p>\n<p style=\"color: purple;\"><strong>Comment cela fonctionne?<\/strong><\/p>\n<p align=\"justify\">1- Prenez une vid\u00e9o de votre \u0152il avec l&#8217;iris et la pupille bien visible sans reflet de la lumi\u00e8re<\/p>\n<p align=\"justify\">2- N&#8217;oubliez pas de renommer votre fichier vid\u00e9o avec votre nom, ensuite t\u00e9l\u00e9chargez la vid\u00e9o de votre \u0153il ci-dessus et passez votre commande.<\/p>\n<p align=\"justify\">3- Vous recevrez apr\u00e8s 48 \u00e0 72h, votre palette couleur.<\/p>\n<p align=\"justify\">4- Vous pouvez choisir l&#8217;option Coaching de 30 min pour recevoir une formation de Neter Osiir\u00ea sur l\u2019utilisation de la palette.<\/p>\n<p align=\"justify\">Vous pouvez commander votre palette sans coaching et revenir ult\u00e9rieurement pour prendre un coaching \u00e0 part si vous l&#8217;estimez n\u00e9cessaire.<\/p>\n<h2 style=\"color: purple;\">TARIF DE LANCEMENT!<\/h2>\n<p align=\"justify\"><strong>Palette Organique SoulEyes Colors, Prix de lancement de 350 Euros valable jusqu&#8217;au 15 Mars 2022, apr\u00e8s le prix passera \u00e0 750 Euros.<\/strong><\/p>\n<p style=\"color: purple;\" align=\"justify\">&#8211; Les vid\u00e9os Tutoriels en compl\u00e9ment: Exemple comment filmer vos yeux afin d&#8217;obtenir une photo qualitative pour la palette organique Souleyes Colors; comment importer votre palette dans votre application de dessin et dessiner pas \u00e0 pas.<\/p>\n<p style=\"color: purple;\" align=\"justify\">&#8211; Le fascicule montre comment l&#8217;utilisation des Palettes Organiques provoque le d\u00e9veloppement du troisi\u00e8me cerveau (glande pin\u00e9ale). Ce cerveau permet la vision juste des mondes invisibles.<\/p>\n<p align=\"justify\">Cette Palette existe en <strong><a href=\"https:\/\/lespalettesorganiques.com\/product\/kit-de-vision-souleyes-colors\/\">KIT sur ce lien<\/a><\/strong><\/p>\n","protected":false},"featured_media":404,"comment_status":"open","ping_status":"closed","template":"","meta":[],"product_cat":[71],"product_tag":[],"class_list":["post-462","product","type-product","status-publish","has-post-thumbnail","hentry","product_cat-palettes","tm-has-options"],"_links":{"self":[{"href":"https:\/\/lespalettesorganiques.com\/en\/wp-json\/wp\/v2\/product\/462"}],"collection":[{"href":"https:\/\/lespalettesorganiques.com\/en\/wp-json\/wp\/v2\/product"}],"about":[{"href":"https:\/\/lespalettesorganiques.com\/en\/wp-json\/wp\/v2\/types\/product"}],"replies":[{"embeddable":true,"href":"https:\/\/lespalettesorganiques.com\/en\/wp-json\/wp\/v2\/comments?post=462"}],"wp:featuredmedia":[{"embeddable":true,"href":"https:\/\/lespalettesorganiques.com\/en\/wp-json\/wp\/v2\/media\/404"}],"wp:attachment":[{"href":"https:\/\/lespalettesorganiques.com\/en\/wp-json\/wp\/v2\/media?parent=462"}],"wp:term":[{"taxonomy":"product_cat","embeddable":true,"href":"https:\/\/lespalettesorganiques.com\/en\/wp-json\/wp\/v2\/product_cat?post=462"},{"taxonomy":"product_tag","embeddable":true,"href":"https:\/\/lespalettesorganiques.com\/en\/wp-json\/wp\/v2\/product_tag?post=462"}],"curies":[{"name":"wp","href":"https:\/\/api.w.org\/{rel}","templated":true}]}}