{"id":1141,"date":"2022-03-02T21:18:31","date_gmt":"2022-03-02T20:18:31","guid":{"rendered":"https:\/\/lespalettesorganiques.com\/?page_id=1141"},"modified":"2022-03-02T21:21:05","modified_gmt":"2022-03-02T20:21:05","slug":"about-us","status":"publish","type":"page","link":"https:\/\/lespalettesorganiques.com\/en\/about-us\/","title":{"rendered":"About us"},"content":{"rendered":"\n<div class=\"row\"  id=\"row-1276359068\">\n\n\n\t<div id=\"col-2057194282\" class=\"col medium-6 small-12 large-6\"  >\n\t\t\t\t<div class=\"col-inner\"  >\n\t\t\t\n\t\t\t\n\n<div class=\"container section-title-container\" ><h3 class=\"section-title section-title-center\"><b><\/b><span class=\"section-title-main\" >The artist neter osiir\u00ea - Creator of the Organic Palettes<\/span><b><\/b><\/h3><\/div>\n\n<p align=\"justify\"><span class=\"mt-xs-1\" data-inplace-editable-text=\"story\" data-endpoint=\"AboutPost\" data-key=\"story\" data-placeholder=\"Comment avez-vous d\u00e9marr\u00e9 ? Qu'est-ce qui vous inspire ? Nous savons que chaque vendeur a une histoire unique - racontez la v\u00f4tre ici.\">&nbsp;WHO IS NETER OSIIR\u00ca?<br><\/span><\/p>\n<p align=\"justify\"><span class=\"mt-xs-1\" data-inplace-editable-text=\"story\" data-endpoint=\"AboutPost\" data-key=\"story\" data-placeholder=\"Comment avez-vous d\u00e9marr\u00e9 ? Qu'est-ce qui vous inspire ? Nous savons que chaque vendeur a une histoire unique - racontez la v\u00f4tre ici.\">His encounter with particle art.<br><\/span><\/p>\n<p align=\"justify\"><span class=\"mt-xs-1\" data-inplace-editable-text=\"story\" data-endpoint=\"AboutPost\" data-key=\"story\" data-placeholder=\"Comment avez-vous d\u00e9marr\u00e9 ? Qu'est-ce qui vous inspire ? Nous savons que chaque vendeur a une histoire unique - racontez la v\u00f4tre ici.\">&nbsp;Her futuristic art redefines the codes of the art world.<br>She alone embodies a new artistic universe that she calls Imu\u00e9&#8217;s art.<br>Imu\u00e9&#8217;s art is much more than art. <br>It is a journey of the soul, an invitation to liberate the senses, an exploration of the visible and invisible world. It is the art of self-knowledge in all dimensions starting from the particles of light, from the photon to the wave.<br>Neter Osiir\u00ea has created Ley Art, which is a new art that designates the art that makes one radiate.. <\/span><\/p>\n<p align=\"justify\"><span class=\"mt-xs-1\" data-inplace-editable-text=\"story\" data-endpoint=\"AboutPost\" data-key=\"story\" data-placeholder=\"Comment avez-vous d\u00e9marr\u00e9 ? Qu'est-ce qui vous inspire ? Nous savons que chaque vendeur a une histoire unique - racontez la v\u00f4tre ici.\">The artist-designer started working on light particles, photons, after having made various uncommon experiments that reveal her gift to work with light and especially with the field of particles (diamond particles, rose particles, flowers, essential oils, particles of her own digital photos of her body in which they reveal sacred geometrical shapes).<br>On 21\/12\/2012, there was another spiritual experience of unimaginable magnitude that changed her whole life. Since then, she has been using this immense ability to work with particles and thus reveal the secrets they contain and especially help those who wish to reveal their greatest hidden spiritual potential. <\/span><\/p>\n<p align=\"justify\"><span class=\"mt-xs-1\" data-inplace-editable-text=\"story\" data-endpoint=\"AboutPost\" data-key=\"story\" data-placeholder=\"Comment avez-vous d\u00e9marr\u00e9 ? Qu'est-ce qui vous inspire ? Nous savons que chaque vendeur a une histoire unique - racontez la v\u00f4tre ici.\">All the products created by Neter Osiir\u00ea are derived from the images of the particles of Light of her bodies (Bio photon) her own cellular radiations. But also the images of particles are drawn from the diamond, the roses, the Lilies. Yes Incredible but true the field of particles is information and Neter Osiir\u00ea has the gift to be able to work with light, to create sublime and extraordinary products such as jewels of protection, tools of meditation, tools of protection, paintings of art resulting from the photons of light, games for the knowledge of oneself, products of fashion, luxury and accessories of wellbeing. <br><\/span><\/p>\n<p align=\"justify\">The art of Imu\u00e9 is the haute couture of spiritual tools for self-knowledge and self-awareness through the Art of Particles, the Art of Radiation of Light.<\/p>\n<p align=\"justify\">The Organic Palettes were created by Neter Osiir\u00ea to develop your higher vision. Thanks to the Organic Palettes, lift the veil on what separates you from invisible realities.<\/p>\n\n\t\t<\/div>\n\t\t\t\t\t<\/div>\n\n\t\n\n\t<div id=\"col-595935806\" class=\"col medium-6 small-12 large-6\"  >\n\t\t\t\t<div class=\"col-inner text-center\"  >\n\t\t\t\n\t\t\t\n\n\t<div class=\"img has-hover x md-x lg-x y md-y lg-y\" id=\"image_909469999\">\n\t\t\t\t\t\t\t\t<div class=\"img-inner dark\" >\n\t\t\t<img loading=\"lazy\" decoding=\"async\" width=\"1020\" height=\"595\" src=\"https:\/\/lespalettesorganiques.com\/wp-content\/uploads\/2022\/02\/Neter-Osiire-lartdimue-palette-organique.jpg\" class=\"attachment-large size-large\" alt=\"Netser Osiir\u00ea lartdimue\" srcset=\"https:\/\/lespalettesorganiques.com\/wp-content\/uploads\/2022\/02\/Neter-Osiire-lartdimue-palette-organique.jpg 1320w, https:\/\/lespalettesorganiques.com\/wp-content\/uploads\/2022\/02\/Neter-Osiire-lartdimue-palette-organique-686x400.jpg 686w, https:\/\/lespalettesorganiques.com\/wp-content\/uploads\/2022\/02\/Neter-Osiire-lartdimue-palette-organique-768x448.jpg 768w, https:\/\/lespalettesorganiques.com\/wp-content\/uploads\/2022\/02\/Neter-Osiire-lartdimue-palette-organique-600x350.jpg 600w\" sizes=\"(max-width: 1020px) 100vw, 1020px\" \/>\t\t\t\t\t\t\n\t\t\t\t\t<\/div>\n\t\t\t\t\t\t\t\t\n<style>\n#image_909469999 {\n  width: 100%;\n}\n<\/style>\n\t<\/div>\n\t\n\n<p><em>The art of Imu\u00e9 , A universal art that defies the limits of time.<\/em><\/p>\n<p><em>&#8220;There is the haute couture of clothes and now the haute couture of spiritual tools.&#8221; By Neter Osiir\u00ea<br><\/em><\/p>\n<p><a href=\"https:\/\/www.youtube.com\/watch?v=R9eOmCyCEjM&amp;t=3174s\" target=\"_blank\" rel=\"noopener\"><strong><span class=\"fancy-underline\">VIDEO INTERVIEW NETER OSIIR\u00ca<\/span><\/strong><\/a><\/p>\n<a rel=\"noopener noreferrer\" href=\"https:\/\/linktr.ee\/lartdimue\" target=\"_blank\" class=\"button secondary is-shade box-shadow-3 box-shadow-5-hover\"  style=\"border-radius:5px;\">\n    <span>discover the IMU\u00e9 universe<\/span>\n  <i class=\"icon-gift\" ><\/i><\/a>\n\n\n\t<div class=\"img has-hover x md-x lg-x y md-y lg-y\" id=\"image_767007631\">\n\t\t\t\t\t\t\t\t<div class=\"img-inner image-zoom dark\" >\n\t\t\t<img loading=\"lazy\" decoding=\"async\" width=\"669\" height=\"334\" src=\"https:\/\/lespalettesorganiques.com\/wp-content\/uploads\/2022\/02\/Neter-Osiire-Palette-Organique.png\" class=\"attachment-large size-large\" alt=\"Neter Osiir\u00ea palettes organiques\" srcset=\"https:\/\/lespalettesorganiques.com\/wp-content\/uploads\/2022\/02\/Neter-Osiire-Palette-Organique.png 669w, https:\/\/lespalettesorganiques.com\/wp-content\/uploads\/2022\/02\/Neter-Osiire-Palette-Organique-600x300.png 600w\" sizes=\"(max-width: 669px) 100vw, 669px\" \/>\t\t\t\t\t\t\n\t\t\t\t\t<\/div>\n\t\t\t\t\t\t\t\t\n<style>\n#image_767007631 {\n  width: 100%;\n}\n<\/style>\n\t<\/div>\n\t\n\n\t<div class=\"img has-hover x md-x lg-x y md-y lg-y\" id=\"image_927596204\">\n\t\t\t\t\t\t\t\t<div class=\"img-inner image-zoom dark\" >\n\t\t\t<img loading=\"lazy\" decoding=\"async\" width=\"460\" height=\"467\" src=\"https:\/\/lespalettesorganiques.com\/wp-content\/uploads\/2022\/02\/Palette-oeil-1-1.png\" class=\"attachment-large size-large\" alt=\"Kit Soul Eyes Colors\" srcset=\"https:\/\/lespalettesorganiques.com\/wp-content\/uploads\/2022\/02\/Palette-oeil-1-1.png 460w, https:\/\/lespalettesorganiques.com\/wp-content\/uploads\/2022\/02\/Palette-oeil-1-1-394x400.png 394w\" sizes=\"(max-width: 460px) 100vw, 460px\" \/>\t\t\t\t\t\t\n\t\t\t\t\t<\/div>\n\t\t\t\t\t\t\t\t\n<style>\n#image_927596204 {\n  width: 100%;\n}\n<\/style>\n\t<\/div>\n\t\n\n\n\t\t<\/div>\n\t\t\t\t\t<\/div>\n\n\t\n\n<\/div>\n","protected":false},"excerpt":{"rendered":"","protected":false},"author":1,"featured_media":0,"parent":0,"menu_order":0,"comment_status":"closed","ping_status":"closed","template":"","meta":{"footnotes":""},"class_list":["post-1141","page","type-page","status-publish","hentry"],"_links":{"self":[{"href":"https:\/\/lespalettesorganiques.com\/en\/wp-json\/wp\/v2\/pages\/1141"}],"collection":[{"href":"https:\/\/lespalettesorganiques.com\/en\/wp-json\/wp\/v2\/pages"}],"about":[{"href":"https:\/\/lespalettesorganiques.com\/en\/wp-json\/wp\/v2\/types\/page"}],"author":[{"embeddable":true,"href":"https:\/\/lespalettesorganiques.com\/en\/wp-json\/wp\/v2\/users\/1"}],"replies":[{"embeddable":true,"href":"https:\/\/lespalettesorganiques.com\/en\/wp-json\/wp\/v2\/comments?post=1141"}],"version-history":[{"count":5,"href":"https:\/\/lespalettesorganiques.com\/en\/wp-json\/wp\/v2\/pages\/1141\/revisions"}],"predecessor-version":[{"id":1146,"href":"https:\/\/lespalettesorganiques.com\/en\/wp-json\/wp\/v2\/pages\/1141\/revisions\/1146"}],"wp:attachment":[{"href":"https:\/\/lespalettesorganiques.com\/en\/wp-json\/wp\/v2\/media?parent=1141"}],"curies":[{"name":"wp","href":"https:\/\/api.w.org\/{rel}","templated":true}]}}